{"id":1363,"date":"2018-10-22T09:10:14","date_gmt":"2018-10-22T09:10:14","guid":{"rendered":"http:\/\/mvtlog.ro\/?page_id=1363"},"modified":"2019-02-14T08:20:56","modified_gmt":"2019-02-14T08:20:56","slug":"termeni-si-conditii","status":"publish","type":"page","link":"https:\/\/www.mvtlog.ro\/en\/termeni-si-conditii\/","title":{"rendered":"(Rom\u00e2n\u0103) Termeni si conditii"},"content":{"rendered":"<p class=\"qtranxs-available-languages-message qtranxs-available-languages-message-en\">Sorry, this entry is only available in <a href=\"https:\/\/www.mvtlog.ro\/ro\/wp-json\/wp\/v2\/pages\/1363\" class=\"qtranxs-available-language-link qtranxs-available-language-link-ro\" title=\"Rom\u00e2n\u0103\">Rom\u00e2n\u0103<\/a>.<\/p>","protected":false},"excerpt":{"rendered":"<p>Sorry, this entry is only available in Rom\u00e2n\u0103.<\/p>\n","protected":false},"author":1,"featured_media":0,"parent":0,"menu_order":0,"comment_status":"closed","ping_status":"closed","template":"","meta":{"footnotes":""},"class_list":["post-1363","page","type-page","status-publish","hentry"],"yoast_head":"<!-- This site is optimized with the Yoast SEO plugin v26.0 - https:\/\/yoast.com\/wordpress\/plugins\/seo\/ -->\n<title>(Rom\u00e2n\u0103) Termeni si conditii - MVT Logistik<\/title>\n<meta name=\"description\" content=\"Terms and conditions for the clients of the services offered by www.mvtlog.ro. Content. Copyright. Liabilities. Security.\" \/>\n<meta name=\"robots\" content=\"index, follow, max-snippet:-1, max-image-preview:large, max-video-preview:-1\" \/>\n<link rel=\"canonical\" href=\"https:\/\/www.mvtlog.ro\/termeni-si-conditii\/\" \/>\n<meta property=\"og:locale\" content=\"en_US\" \/>\n<meta property=\"og:type\" content=\"article\" \/>\n<meta property=\"og:title\" content=\"(Rom\u00e2n\u0103) Termeni si conditii - MVT Logistik\" \/>\n<meta property=\"og:description\" content=\"{:ro}[:ro]Termeni \u015fi condi\u0163ii pentru utilizatorii serviciilor oferite de www.mvtlog.ro. Continut. Drepturi de autor. Raspunderi. Securitate.[:en]Terms and conditions for the clients of the services offered by www.mvtlog.ro. Content. Copyright. Liabilities. Security.[:]{:}\" \/>\n<meta property=\"og:url\" content=\"https:\/\/www.mvtlog.ro\/termeni-si-conditii\/\" \/>\n<meta property=\"og:site_name\" content=\"MVT Logistik\" \/>\n<meta property=\"article:modified_time\" content=\"2019-02-14T08:20:56+00:00\" \/>\n<meta name=\"twitter:card\" content=\"summary_large_image\" \/>\n<meta name=\"twitter:label1\" content=\"Est. reading time\" \/>\n\t<meta name=\"twitter:data1\" content=\"4 minutes\" \/>\n<script type=\"application\/ld+json\" class=\"yoast-schema-graph\">{\"@context\":\"https:\/\/schema.org\",\"@graph\":[{\"@type\":\"WebPage\",\"@id\":\"https:\/\/www.mvtlog.ro\/termeni-si-conditii\/\",\"url\":\"https:\/\/www.mvtlog.ro\/termeni-si-conditii\/\",\"name\":\"(Rom\u00e2n\u0103) Termeni si conditii - MVT Logistik\",\"isPartOf\":{\"@id\":\"https:\/\/www.mvtlog.ro\/#website\"},\"datePublished\":\"2018-10-22T09:10:14+00:00\",\"dateModified\":\"2019-02-14T08:20:56+00:00\",\"description\":\"{:ro}[:ro]Termeni \u015fi condi\u0163ii pentru utilizatorii serviciilor oferite de www.mvtlog.ro. Continut. Drepturi de autor. Raspunderi. Securitate.[:en]Terms and conditions for the clients of the services offered by www.mvtlog.ro. Content. Copyright. Liabilities. Security.[:]{:}\",\"breadcrumb\":{\"@id\":\"https:\/\/www.mvtlog.ro\/termeni-si-conditii\/#breadcrumb\"},\"inLanguage\":\"en-US\",\"potentialAction\":[{\"@type\":\"ReadAction\",\"target\":[\"https:\/\/www.mvtlog.ro\/termeni-si-conditii\/\"]}]},{\"@type\":\"BreadcrumbList\",\"@id\":\"https:\/\/www.mvtlog.ro\/termeni-si-conditii\/#breadcrumb\",\"itemListElement\":[{\"@type\":\"ListItem\",\"position\":1,\"name\":\"Prima pagin\u0103\",\"item\":\"https:\/\/www.mvtlog.ro\/\"},{\"@type\":\"ListItem\",\"position\":2,\"name\":\"Termeni si conditii\"}]},{\"@type\":\"WebSite\",\"@id\":\"https:\/\/www.mvtlog.ro\/#website\",\"url\":\"https:\/\/www.mvtlog.ro\/\",\"name\":\"MVT Logistik\",\"description\":\"World of Logistics\",\"potentialAction\":[{\"@type\":\"SearchAction\",\"target\":{\"@type\":\"EntryPoint\",\"urlTemplate\":\"https:\/\/www.mvtlog.ro\/?s={search_term_string}\"},\"query-input\":{\"@type\":\"PropertyValueSpecification\",\"valueRequired\":true,\"valueName\":\"search_term_string\"}}],\"inLanguage\":\"en-US\"}]}<\/script>\n<!-- \/ Yoast SEO plugin. -->","yoast_head_json":{"title":"(Rom\u00e2n\u0103) Termeni si conditii - MVT Logistik","description":"Terms and conditions for the clients of the services offered by www.mvtlog.ro. Content. Copyright. Liabilities. Security.","robots":{"index":"index","follow":"follow","max-snippet":"max-snippet:-1","max-image-preview":"max-image-preview:large","max-video-preview":"max-video-preview:-1"},"canonical":"https:\/\/www.mvtlog.ro\/termeni-si-conditii\/","og_locale":"en_US","og_type":"article","og_title":"(Rom\u00e2n\u0103) Termeni si conditii - MVT Logistik","og_description":"{:ro}[:ro]Termeni \u015fi condi\u0163ii pentru utilizatorii serviciilor oferite de www.mvtlog.ro. Continut. Drepturi de autor. Raspunderi. Securitate.[:en]Terms and conditions for the clients of the services offered by www.mvtlog.ro. Content. Copyright. Liabilities. Security.[:]{:}","og_url":"https:\/\/www.mvtlog.ro\/termeni-si-conditii\/","og_site_name":"MVT Logistik","article_modified_time":"2019-02-14T08:20:56+00:00","twitter_card":"summary_large_image","twitter_misc":{"Est. reading time":"4 minutes"},"schema":{"@context":"https:\/\/schema.org","@graph":[{"@type":"WebPage","@id":"https:\/\/www.mvtlog.ro\/termeni-si-conditii\/","url":"https:\/\/www.mvtlog.ro\/termeni-si-conditii\/","name":"(Rom\u00e2n\u0103) Termeni si conditii - MVT Logistik","isPartOf":{"@id":"https:\/\/www.mvtlog.ro\/#website"},"datePublished":"2018-10-22T09:10:14+00:00","dateModified":"2019-02-14T08:20:56+00:00","description":"{:ro}[:ro]Termeni \u015fi condi\u0163ii pentru utilizatorii serviciilor oferite de www.mvtlog.ro. Continut. Drepturi de autor. Raspunderi. Securitate.[:en]Terms and conditions for the clients of the services offered by www.mvtlog.ro. Content. Copyright. Liabilities. Security.[:]{:}","breadcrumb":{"@id":"https:\/\/www.mvtlog.ro\/termeni-si-conditii\/#breadcrumb"},"inLanguage":"en-US","potentialAction":[{"@type":"ReadAction","target":["https:\/\/www.mvtlog.ro\/termeni-si-conditii\/"]}]},{"@type":"BreadcrumbList","@id":"https:\/\/www.mvtlog.ro\/termeni-si-conditii\/#breadcrumb","itemListElement":[{"@type":"ListItem","position":1,"name":"Prima pagin\u0103","item":"https:\/\/www.mvtlog.ro\/"},{"@type":"ListItem","position":2,"name":"Termeni si conditii"}]},{"@type":"WebSite","@id":"https:\/\/www.mvtlog.ro\/#website","url":"https:\/\/www.mvtlog.ro\/","name":"MVT Logistik","description":"World of Logistics","potentialAction":[{"@type":"SearchAction","target":{"@type":"EntryPoint","urlTemplate":"https:\/\/www.mvtlog.ro\/?s={search_term_string}"},"query-input":{"@type":"PropertyValueSpecification","valueRequired":true,"valueName":"search_term_string"}}],"inLanguage":"en-US"}]}},"_links":{"self":[{"href":"https:\/\/www.mvtlog.ro\/en\/wp-json\/wp\/v2\/pages\/1363","targetHints":{"allow":["GET"]}}],"collection":[{"href":"https:\/\/www.mvtlog.ro\/en\/wp-json\/wp\/v2\/pages"}],"about":[{"href":"https:\/\/www.mvtlog.ro\/en\/wp-json\/wp\/v2\/types\/page"}],"author":[{"embeddable":true,"href":"https:\/\/www.mvtlog.ro\/en\/wp-json\/wp\/v2\/users\/1"}],"replies":[{"embeddable":true,"href":"https:\/\/www.mvtlog.ro\/en\/wp-json\/wp\/v2\/comments?post=1363"}],"version-history":[{"count":1,"href":"https:\/\/www.mvtlog.ro\/en\/wp-json\/wp\/v2\/pages\/1363\/revisions"}],"predecessor-version":[{"id":1364,"href":"https:\/\/www.mvtlog.ro\/en\/wp-json\/wp\/v2\/pages\/1363\/revisions\/1364"}],"wp:attachment":[{"href":"https:\/\/www.mvtlog.ro\/en\/wp-json\/wp\/v2\/media?parent=1363"}],"curies":[{"name":"wp","href":"https:\/\/api.w.org\/{rel}","templated":true}]}}